{"id":11,"date":"2024-03-14T17:53:17","date_gmt":"2024-03-14T16:53:17","guid":{"rendered":"http:\/\/fdv-france.fr\/?page_id=11"},"modified":"2024-03-25T14:50:04","modified_gmt":"2024-03-25T13:50:04","slug":"accueil","status":"publish","type":"page","link":"https:\/\/fdv-france.fr\/","title":{"rendered":"Accueil"},"content":{"rendered":"\n<div class=\"wp-block-cover alignfull is-light wp-duotone-000000-fcb900-1\" style=\"min-height:632px;aspect-ratio:unset;\"><span aria-hidden=\"true\" class=\"wp-block-cover__background has-background-dim-100 has-background-dim has-background-gradient\" style=\"background:linear-gradient(35deg,rgb(6,0,151) 0%,rgb(130,4,255) 73%,rgb(193,15,255) 100%)\"><\/span><div class=\"wp-block-cover__inner-container is-layout-flow wp-block-cover-is-layout-flow\">\n<div class=\"inherit-container-width wp-block-group alignwide is-layout-constrained wp-block-group-is-layout-constrained\">\n<div class=\"wp-block-media-text alignwide has-media-on-the-right is-stacked-on-mobile is-vertically-aligned-center\" style=\"padding-top:0;padding-right:0;padding-bottom:0;padding-left:0;grid-template-columns:auto 44%\"><div class=\"wp-block-media-text__content\">\n<h1 class=\"wp-block-heading has-text-align-left has-white-color has-text-color\">Bienvenue chez FDV!<\/h1>\n\n\n\n<p>Chez FDV, nous sommes sp\u00e9cialis\u00e9s dans le recrutement de commerciaux passionn\u00e9s par les m\u00e9tiers du contact. Si vous cherchez \u00e0 d\u00e9buter une carri\u00e8re dynamique dans la vente ou le conseil, vous \u00eates au bon endroit !<\/p>\n<\/div><figure class=\"wp-block-media-text__media\"><img fetchpriority=\"high\" decoding=\"async\" width=\"1024\" height=\"430\" src=\"http:\/\/fdv-france.fr\/wp-content\/uploads\/2024\/03\/FDV-Devanture-1024x430.jpg\" alt=\"\" class=\"wp-image-98 size-full\" srcset=\"https:\/\/fdv-france.fr\/wp-content\/uploads\/2024\/03\/FDV-Devanture-1024x430.jpg 1024w, https:\/\/fdv-france.fr\/wp-content\/uploads\/2024\/03\/FDV-Devanture-300x126.jpg 300w, https:\/\/fdv-france.fr\/wp-content\/uploads\/2024\/03\/FDV-Devanture-768x323.jpg 768w, https:\/\/fdv-france.fr\/wp-content\/uploads\/2024\/03\/FDV-Devanture-1536x645.jpg 1536w, https:\/\/fdv-france.fr\/wp-content\/uploads\/2024\/03\/FDV-Devanture-2048x860.jpg 2048w\" sizes=\"(max-width: 1024px) 100vw, 1024px\" \/><\/figure><\/div>\n<\/div>\n<\/div><\/div>\n\n\n\n<div class=\"wp-block-group alignfull has-ast-global-color-5-background-color has-background is-layout-constrained wp-container-core-group-is-layout-94d206d0 wp-block-group-is-layout-constrained\" id=\"about\" style=\"padding-top:143px;padding-bottom:144px\">\n<div class=\"wp-block-media-text has-media-on-the-right is-stacked-on-mobile is-vertically-aligned-center\"><div class=\"wp-block-media-text__content\">\n<div class=\"inherit-container-width wp-block-group is-layout-constrained wp-container-core-group-is-layout-47ce07ec wp-block-group-is-layout-constrained\" style=\"padding-right:80px\">\n<h2 class=\"wp-block-heading\" style=\"padding-right:40px\">Notre expertise au service de votre r\u00e9ussite<\/h2>\n\n\n\n<p>FDV Recrutement est une entreprise leader dans le domaine du recrutement de jeunes talents commerciaux.<\/p>\n\n\n\n<p>Nous collaborons avec des entreprises de toutes tailles, des start-ups aux multinationales, pour les aider \u00e0 trouver les meilleurs profils pour leurs \u00e9quipes de vente.<\/p>\n\n\n\n<p>Nous partageons le m\u00eame objectif,<br>votre r\u00e9ussite !<\/p>\n<\/div>\n<\/div><figure class=\"wp-block-media-text__media\"><img decoding=\"async\" src=\"http:\/\/fdv-france.fr\/wp-content\/themes\/astra\/inc\/assets\/images\/starter-content\/about-us.jpg\" alt=\"\" class=\"wp-image-237 size-full\"\/><\/figure><\/div>\n<\/div>\n\n\n\n<div class=\"wp-block-group alignfull is-layout-constrained wp-container-core-group-is-layout-45b0ac4f wp-block-group-is-layout-constrained\" id=\"services\" style=\"padding-top:144px;padding-bottom:0px\">\n<h2 class=\"wp-block-heading\">Nos Services<\/h2>\n\n\n\n<div class=\"wp-block-columns is-layout-flex wp-container-core-columns-is-layout-60cbf9bb wp-block-columns-is-layout-flex\" style=\"margin-top:50px\">\n<div class=\"wp-block-column is-layout-flow wp-container-core-column-is-layout-6b73ce23 wp-block-column-is-layout-flow\">\n<figure class=\"wp-block-gallery has-nested-images columns-default is-cropped wp-block-gallery-2 is-layout-flex wp-block-gallery-is-layout-flex\">\n<figure class=\"wp-block-image size-full is-style-default\"><img decoding=\"async\" data-id=\"230\" src=\"http:\/\/fdv-france.fr\/wp-content\/themes\/astra\/inc\/assets\/images\/starter-content\/branding.jpg\" alt=\"\" class=\"wp-image-230\"\/><\/figure>\n<\/figure>\n\n\n\n<h3 class=\"wp-block-heading\" style=\"margin-top:16px\">Expertise professionnelle<\/h3>\n\n\n\n<p>Notre \u00e9quipe exp\u00e9riment\u00e9e est sp\u00e9cialis\u00e9e dans le recrutement de commerciaux juniors et comprend parfaitement les besoins sp\u00e9cifiques de ce secteur.<\/p>\n<\/div>\n\n\n\n<div class=\"wp-block-column is-layout-flow wp-container-core-column-is-layout-6b73ce23 wp-block-column-is-layout-flow\">\n<figure class=\"wp-block-image size-full\"><img decoding=\"async\" src=\"http:\/\/fdv-france.fr\/wp-content\/themes\/astra\/inc\/assets\/images\/starter-content\/graphic.jpg\" alt=\"\" class=\"wp-image-232\"\/><\/figure>\n\n\n\n<h3 class=\"wp-block-heading\" style=\"margin-top:16px\">Large r\u00e9seau d&#8217;entreprises<\/h3>\n\n\n\n<p>Nous travaillons avec un vaste r\u00e9seau d&#8217;entreprises de divers secteurs, ce qui vous offre de nombreuses opportunit\u00e9s de carri\u00e8re.<\/p>\n<\/div>\n\n\n\n<div class=\"wp-block-column is-layout-flow wp-container-core-column-is-layout-6b73ce23 wp-block-column-is-layout-flow\">\n<figure class=\"wp-block-image size-full\"><img decoding=\"async\" src=\"http:\/\/fdv-france.fr\/wp-content\/themes\/astra\/inc\/assets\/images\/starter-content\/web.jpg\" alt=\"\" class=\"wp-image-231\"\/><\/figure>\n\n\n\n<h3 class=\"wp-block-heading\" style=\"margin-top:16px\">Accompagnement personnalis\u00e9<\/h3>\n\n\n\n<p>Nous vous accompagnons \u00e0 chaque \u00e9tape du processus de recrutement, de la recherche d&#8217;opportunit\u00e9s \u00e0 l&#8217;entretien d&#8217;embauche, pour vous aider \u00e0 r\u00e9ussir dans votre carri\u00e8re commerciale.<\/p>\n<\/div>\n<\/div>\n<\/div>\n\n\n\n<div class=\"wp-block-group alignfull is-layout-constrained wp-container-core-group-is-layout-3fee123f wp-block-group-is-layout-constrained\" id=\"whyus\" style=\"padding-top:144px;padding-bottom:144px\">\n<h2 class=\"wp-block-heading\">Immersion<\/h2>\n\n\n\n<p>Le contact humain est au c\u0153ur de notre m\u00e9tier. Nous croyons fermement que le contact humain est essentiel dans le domaine de la vente de fibre et de t\u00e9l\u00e9phonie. En tant que conseiller vendeur, vous serez amen\u00e9 \u00e0 interagir directement avec les clients, \u00e0 comprendre leurs besoins et \u00e0 leur proposer des solutions adapt\u00e9es.<\/p>\n\n\n\n<p>Une des caract\u00e9ristiques les plus enrichissantes de ce m\u00e9tier est l&#8217;autonomie dont vous b\u00e9n\u00e9ficiez. En tant que conseiller vendeur, vous serez responsable de votre propre portefeuille de clients. Cela signifie que vous aurez la libert\u00e9 de g\u00e9rer votre emploi du temps et de d\u00e9velopper votre propre strat\u00e9gie de vente.<\/p>\n\n\n\n<p>Chaque journ\u00e9e en tant que conseiller vendeur fibre\/t\u00e9l\u00e9phonie est unique et stimulante. Vous passerez une partie de votre temps en contact direct avec les clients, que ce soit par t\u00e9l\u00e9phone, en magasin ou lors de visites \u00e0 domicile. Vous analyserez leurs besoins, leur proposerez des solutions sur mesure et conclurez des ventes.<\/p>\n\n\n\n<h2 class=\"wp-block-heading has-text-align-center\">Les avantages de ce m\u00e9tier<\/h2>\n\n\n\n<div class=\"wp-block-columns is-layout-flex wp-container-core-columns-is-layout-29aadeec wp-block-columns-is-layout-flex\" style=\"margin-top:60px\">\n<div class=\"wp-block-column is-layout-flow wp-container-core-column-is-layout-6b73ce23 wp-block-column-is-layout-flow\">\n<figure class=\"wp-block-image size-large\"><img decoding=\"async\" src=\"http:\/\/fdv-france.fr\/wp-content\/themes\/astra\/inc\/assets\/images\/starter-content\/passionate.svg\" alt=\"\" class=\"wp-image-162\"\/><\/figure>\n\n\n\n<h3 class=\"wp-block-heading\" style=\"margin-top:16px\">D\u00e9veloppement personnel<\/h3>\n\n\n\n<p>En tant que conseiller vendeur, vous d\u00e9velopperez vos comp\u00e9tences en communication, en n\u00e9gociation et en gestion de portefeuille client.<\/p>\n<\/div>\n\n\n\n<div class=\"wp-block-column is-layout-flow wp-container-core-column-is-layout-6b73ce23 wp-block-column-is-layout-flow\">\n<figure class=\"wp-block-image size-large\"><img decoding=\"async\" src=\"http:\/\/fdv-france.fr\/wp-content\/themes\/astra\/inc\/assets\/images\/starter-content\/professional.svg\" alt=\"\" class=\"wp-image-163\"\/><\/figure>\n\n\n\n<h3 class=\"wp-block-heading\" style=\"margin-top:16px\">R\u00e9mun\u00e9ration attractive<\/h3>\n\n\n\n<p>Ce m\u00e9tier offre des possibilit\u00e9s de r\u00e9mun\u00e9ration int\u00e9ressantes, avec des commissions bas\u00e9es sur les ventes r\u00e9alis\u00e9es.<\/p>\n<\/div>\n\n\n\n<div class=\"wp-block-column is-layout-flow wp-container-core-column-is-layout-6b73ce23 wp-block-column-is-layout-flow\">\n<figure class=\"wp-block-image size-large\"><img decoding=\"async\" src=\"http:\/\/fdv-france.fr\/wp-content\/themes\/astra\/inc\/assets\/images\/starter-content\/support.svg\" alt=\"\" class=\"wp-image-164\"\/><\/figure>\n\n\n\n<h3 class=\"wp-block-heading\" style=\"margin-top:16px\">\u00c9volution de carri\u00e8re<\/h3>\n\n\n\n<p>Avec de l&#8217;exp\u00e9rience, vous pourrez \u00e9voluer vers des postes de management ou de formation au sein de l&#8217;entreprise.<\/p>\n<\/div>\n<\/div>\n\n\n\n<p class=\"has-text-align-center has-white-color has-text-color has-link-color wp-elements-f6bf6ed499fe886916be8fbc8f5ec9f0\">Pr\u00eat \u00e0 d\u00e9marrer votre carri\u00e8re dans la vente ou le conseil ? Contactez nous d\u00e8s aujourd&#8217;hui pour discuter de vos aspirations professionnelles et d\u00e9couvrir comment nous pouvons vous aider \u00e0 atteindre vos objectifs.<\/p>\n\n\n\n<h2 class=\"wp-block-heading has-text-align-center\">A la recherche d&#8217;un compl\u00e9ment de revenu ?<\/h2>\n\n\n\n<p>Vous \u00eates \u00e0 la recherche d\u2019un compl\u00e9ment de revenu,\u00a0d\u2019une opportunit\u00e9 professionnelle qui allie autonomie, flexibilit\u00e9 et passion pour la technologie sans pour autant en faire votre activit\u00e9 principale ?<br>Devenez Ambassadeur Fibre et T\u00e9l\u00e9phonie et d\u00e9couvrez une nouvelle fa\u00e7on de travailler dans le secteur de la vente !<\/p>\n\n\n\n<div class=\"wp-block-buttons is-content-justification-center is-layout-flex wp-container-core-buttons-is-layout-a89b3969 wp-block-buttons-is-layout-flex\">\n<div class=\"wp-block-button\"><a class=\"wp-block-button__link has-text-align-center wp-element-button\" href=\"https:\/\/fdv-france.fr\/index.php\/immersion\/\" target=\"_blank\" rel=\"noreferrer noopener\">Devenez Ambassadeur<\/a><\/div>\n<\/div>\n<\/div>\n\n\n\n<div class=\"wp-block-group alignfull has-background is-content-justification-center is-layout-constrained wp-container-core-group-is-layout-afe55ca0 wp-block-group-is-layout-constrained\" id=\"contact\" style=\"background:linear-gradient(35deg,rgb(6,0,151) 0%,rgb(130,4,255) 64%,rgb(193,15,255) 98%);padding-top:104px;padding-bottom:104px\">\n<h2 class=\"wp-block-heading has-text-align-center has-text-color\" style=\"color:#ffffff\">Contactez nous!<\/h2>\n\n\n<div class=\"wpforms-container wpforms-container-full wpforms-render-modern\" id=\"wpforms-79\"><form id=\"wpforms-form-79\" class=\"wpforms-validate wpforms-form wpforms-ajax-form\" data-formid=\"79\" method=\"post\" enctype=\"multipart\/form-data\" action=\"\/index.php\/wp-json\/wp\/v2\/pages\/11\" data-token=\"be02597e7c477257b3ef1297b4dc5620\"><noscript class=\"wpforms-error-noscript\">Please enable JavaScript in your browser to complete this form.<\/noscript><div class=\"wpforms-hidden\" id=\"wpforms-error-noscript\">Please enable JavaScript in your browser to complete this form.<\/div><div class=\"wpforms-field-container\"><div id=\"wpforms-79-field_0-container\" class=\"wpforms-field wpforms-field-name\" data-field-id=\"0\"><fieldset><legend class=\"wpforms-field-label\">Nom <span class=\"wpforms-required-label\" aria-hidden=\"true\">*<\/span><\/legend><div class=\"wpforms-field-row wpforms-field-medium\"><div class=\"wpforms-field-row-block wpforms-first wpforms-one-half\"><input type=\"text\" id=\"wpforms-79-field_0\" class=\"wpforms-field-name-first wpforms-field-required\" name=\"wpforms[fields][0][first]\" placeholder=\"Pr\u00e9nom\" aria-errormessage=\"wpforms-79-field_0-error\" required><label for=\"wpforms-79-field_0\" class=\"wpforms-field-sublabel after wpforms-sublabel-hide\">First<\/label><\/div><div class=\"wpforms-field-row-block wpforms-one-half\"><input type=\"text\" id=\"wpforms-79-field_0-last\" class=\"wpforms-field-name-last wpforms-field-required\" name=\"wpforms[fields][0][last]\" placeholder=\"Nom\" aria-errormessage=\"wpforms-79-field_0-last-error\" required><label for=\"wpforms-79-field_0-last\" class=\"wpforms-field-sublabel after wpforms-sublabel-hide\">Last<\/label><\/div><\/div><\/fieldset><\/div><div id=\"wpforms-79-field_5-container\" class=\"wpforms-field wpforms-field-number\" data-field-id=\"5\"><label class=\"wpforms-field-label\" for=\"wpforms-79-field_5\">T\u00e9l\u00e9phone <span class=\"wpforms-required-label\" aria-hidden=\"true\">*<\/span><\/label><input type=\"number\" pattern=\"\\d*\" id=\"wpforms-79-field_5\" class=\"wpforms-field-medium wpforms-field-required\" name=\"wpforms[fields][5]\" aria-errormessage=\"wpforms-79-field_5-error\" required><\/div><div id=\"wpforms-79-field_1-container\" class=\"wpforms-field wpforms-field-email\" data-field-id=\"1\"><label class=\"wpforms-field-label\" for=\"wpforms-79-field_1\">E-mail <span class=\"wpforms-required-label\" aria-hidden=\"true\">*<\/span><\/label><input type=\"email\" id=\"wpforms-79-field_1\" class=\"wpforms-field-medium wpforms-field-required\" name=\"wpforms[fields][1]\" spellcheck=\"false\" aria-errormessage=\"wpforms-79-field_1-error\" required><\/div><div id=\"wpforms-79-field_4-container\" class=\"wpforms-field wpforms-field-select wpforms-field-select-style-classic\" data-field-id=\"4\"><label class=\"wpforms-field-label\" for=\"wpforms-79-field_4\">Objet <span class=\"wpforms-required-label\" aria-hidden=\"true\">*<\/span><\/label><select id=\"wpforms-79-field_4\" class=\"wpforms-field-medium wpforms-field-required\" name=\"wpforms[fields][4]\" required=\"required\"><option value=\"Candidature\" >Candidature<\/option><option value=\"Devenir ambassadeur\" >Devenir ambassadeur<\/option><option value=\"Demande d&#039;information\" >Demande d&#039;information<\/option><option value=\"Avis\/suggestion\/Remarque\" >Avis\/suggestion\/Remarque<\/option><option value=\"Autre\" >Autre<\/option><\/select><\/div><div id=\"wpforms-79-field_2-container\" class=\"wpforms-field wpforms-field-textarea\" data-field-id=\"2\"><label class=\"wpforms-field-label\" for=\"wpforms-79-field_2\">Message<\/label><textarea id=\"wpforms-79-field_2\" class=\"wpforms-field-medium\" name=\"wpforms[fields][2]\" aria-errormessage=\"wpforms-79-field_2-error\" ><\/textarea><\/div><\/div><!-- .wpforms-field-container --><div class=\"wpforms-submit-container\" ><input type=\"hidden\" name=\"wpforms[id]\" value=\"79\"><input type=\"hidden\" name=\"wpforms[author]\" value=\"1\"><button type=\"submit\" name=\"wpforms[submit]\" id=\"wpforms-submit-79\" class=\"wpforms-submit\" data-alt-text=\"Envoi...\" data-submit-text=\"Envoyer\" aria-live=\"assertive\" value=\"wpforms-submit\">Envoyer<\/button><img decoding=\"async\" src=\"https:\/\/fdv-france.fr\/wp-content\/plugins\/wpforms-lite\/assets\/images\/submit-spin.svg\" class=\"wpforms-submit-spinner\" style=\"display: none;\" width=\"26\" height=\"26\" alt=\"Loading\"><\/div><\/form><\/div>  <!-- .wpforms-container -->\n\n\n\n<div class=\"wp-block-columns is-layout-flex wp-container-core-columns-is-layout-28f84493 wp-block-columns-is-layout-flex\">\n<div class=\"wp-block-column is-layout-flow wp-block-column-is-layout-flow\" style=\"flex-basis:50%\">\n<figure class=\"wp-block-image aligncenter size-thumbnail wp-duotone-ffffff-7f7f7f-3\"><img decoding=\"async\" width=\"150\" height=\"150\" src=\"http:\/\/fdv-france.fr\/wp-content\/uploads\/2024\/03\/phone-icone-1-150x150.png\" alt=\"\" class=\"wp-image-68\"\/><\/figure>\n\n\n\n<p class=\"has-text-align-center has-white-color has-text-color has-link-color wp-elements-b94335fa40f99c055836e596c301ddeb\">04 86 17 90 07<\/p>\n<\/div>\n\n\n\n<div class=\"wp-block-column is-layout-flow wp-block-column-is-layout-flow\" style=\"flex-basis:50%\">\n<figure class=\"wp-block-image aligncenter size-thumbnail wp-duotone-fdfdfd-ffffff-4\"><img loading=\"lazy\" decoding=\"async\" width=\"150\" height=\"150\" src=\"http:\/\/fdv-france.fr\/wp-content\/uploads\/2024\/03\/adresse-icone-150x150.png\" alt=\"\" class=\"wp-image-66\"\/><\/figure>\n\n\n\n<p class=\"has-text-align-center has-white-color has-text-color has-link-color wp-elements-698587fce3fe90472d252a348de3e3bf\">FDV FRANCE<br>4 chemin de la Frescoule<br>13127 VITROLLES<\/p>\n<\/div>\n<\/div>\n<\/div>\n","protected":false},"excerpt":{"rendered":"<p>Notre expertise au service de votre r\u00e9ussite FDV Recrutement est une entreprise leader dans le domaine du recrutement de jeunes [&hellip;]<\/p>\n","protected":false},"author":1,"featured_media":0,"parent":0,"menu_order":0,"comment_status":"closed","ping_status":"closed","template":"","meta":{"site-sidebar-layout":"no-sidebar","site-content-layout":"plain-container","ast-site-content-layout":"","site-content-style":"default","site-sidebar-style":"default","ast-global-header-display":"","ast-banner-title-visibility":"","ast-main-header-display":"","ast-hfb-above-header-display":"","ast-hfb-below-header-display":"","ast-hfb-mobile-header-display":"","site-post-title":"disabled","ast-breadcrumbs-content":"","ast-featured-img":"","footer-sml-layout":"","theme-transparent-header-meta":"enabled","adv-header-id-meta":"","stick-header-meta":"","header-above-stick-meta":"","header-main-stick-meta":"","header-below-stick-meta":"","astra-migrate-meta-layouts":"default","ast-page-background-enabled":"default","ast-page-background-meta":{"desktop":{"background-color":"var(--ast-global-color-4)","background-image":"","background-repeat":"repeat","background-position":"center center","background-size":"auto","background-attachment":"scroll","background-type":"","background-media":"","overlay-type":"","overlay-color":"","overlay-gradient":""},"tablet":{"background-color":"","background-image":"","background-repeat":"repeat","background-position":"center center","background-size":"auto","background-attachment":"scroll","background-type":"","background-media":"","overlay-type":"","overlay-color":"","overlay-gradient":""},"mobile":{"background-color":"","background-image":"","background-repeat":"repeat","background-position":"center center","background-size":"auto","background-attachment":"scroll","background-type":"","background-media":"","overlay-type":"","overlay-color":"","overlay-gradient":""}},"ast-content-background-meta":{"desktop":{"background-color":"var(--ast-global-color-5)","background-image":"","background-repeat":"repeat","background-position":"center center","background-size":"auto","background-attachment":"scroll","background-type":"","background-media":"","overlay-type":"","overlay-color":"","overlay-gradient":""},"tablet":{"background-color":"var(--ast-global-color-5)","background-image":"","background-repeat":"repeat","background-position":"center center","background-size":"auto","background-attachment":"scroll","background-type":"","background-media":"","overlay-type":"","overlay-color":"","overlay-gradient":""},"mobile":{"background-color":"var(--ast-global-color-5)","background-image":"","background-repeat":"repeat","background-position":"center center","background-size":"auto","background-attachment":"scroll","background-type":"","background-media":"","overlay-type":"","overlay-color":"","overlay-gradient":""}},"footnotes":""},"class_list":["post-11","page","type-page","status-publish","hentry"],"_links":{"self":[{"href":"https:\/\/fdv-france.fr\/index.php\/wp-json\/wp\/v2\/pages\/11","targetHints":{"allow":["GET"]}}],"collection":[{"href":"https:\/\/fdv-france.fr\/index.php\/wp-json\/wp\/v2\/pages"}],"about":[{"href":"https:\/\/fdv-france.fr\/index.php\/wp-json\/wp\/v2\/types\/page"}],"author":[{"embeddable":true,"href":"https:\/\/fdv-france.fr\/index.php\/wp-json\/wp\/v2\/users\/1"}],"replies":[{"embeddable":true,"href":"https:\/\/fdv-france.fr\/index.php\/wp-json\/wp\/v2\/comments?post=11"}],"version-history":[{"count":50,"href":"https:\/\/fdv-france.fr\/index.php\/wp-json\/wp\/v2\/pages\/11\/revisions"}],"predecessor-version":[{"id":248,"href":"https:\/\/fdv-france.fr\/index.php\/wp-json\/wp\/v2\/pages\/11\/revisions\/248"}],"wp:attachment":[{"href":"https:\/\/fdv-france.fr\/index.php\/wp-json\/wp\/v2\/media?parent=11"}],"curies":[{"name":"wp","href":"https:\/\/api.w.org\/{rel}","templated":true}]}}